{"id":3483,"date":"2026-02-12T18:22:14","date_gmt":"2026-02-12T18:22:14","guid":{"rendered":"https:\/\/severine2026.fr\/?page_id=3483"},"modified":"2026-02-25T21:39:12","modified_gmt":"2026-02-25T21:39:12","slug":"revue-de-presse","status":"publish","type":"page","link":"https:\/\/severine2026.fr\/index.php\/revue-de-presse\/","title":{"rendered":"Revue de presse"},"content":{"rendered":"<p>[et_pb_section fb_built=\u00a0\u00bb1&Prime; _builder_version=\u00a0\u00bb4.27.5&Prime; _module_preset=\u00a0\u00bbdefault\u00a0\u00bb global_colors_info=\u00a0\u00bb{}\u00a0\u00bb][et_pb_row _builder_version=\u00a0\u00bb4.27.5&Prime; _module_preset=\u00a0\u00bbdefault\u00a0\u00bb global_colors_info=\u00a0\u00bb{}\u00a0\u00bb][et_pb_column type=\u00a0\u00bb4_4&Prime; _builder_version=\u00a0\u00bb4.27.5&Prime; _module_preset=\u00a0\u00bbdefault\u00a0\u00bb global_colors_info=\u00a0\u00bb{}\u00a0\u00bb][et_pb_text _builder_version=\u00a0\u00bb4.27.5&Prime; _module_preset=\u00a0\u00bbdefault\u00a0\u00bb header_text_color=\u00a0\u00bb#E6205E\u00a0\u00bb global_colors_info=\u00a0\u00bb{}\u00a0\u00bb]<\/p>\n<h1 style=\"text-align: center;\">Revue de presse<\/h1>\n<p>[\/et_pb_text][\/et_pb_column][\/et_pb_row][et_pb_row column_structure=\u00a0\u00bb3_5,2_5&Prime; _builder_version=\u00a0\u00bb4.27.5&Prime; _module_preset=\u00a0\u00bbdefault\u00a0\u00bb global_colors_info=\u00a0\u00bb{}\u00a0\u00bb][et_pb_column type=\u00a0\u00bb3_5&Prime; _builder_version=\u00a0\u00bb4.27.5&Prime; _module_preset=\u00a0\u00bbdefault\u00a0\u00bb global_colors_info=\u00a0\u00bb{}\u00a0\u00bb][et_pb_text _builder_version=\u00a0\u00bb4.27.5&Prime; _module_preset=\u00a0\u00bbdefault\u00a0\u00bb global_colors_info=\u00a0\u00bb{}\u00a0\u00bb]<\/p>\n<h3>D\u00e9couvrez les articles et reportages d\u00e9j\u00e0 publi\u00e9s sur la campagne !<\/h3>\n<ul>\n<li><a href=\"https:\/\/c.dna.fr\/politique\/2025\/10\/10\/a-illkirch-graffenstaden-severine-magdelaine-en-cheffe-de-file-de-la-gauche\">DNA du 10 octobre 2025 \u2013 Julia Mangold<\/a><\/li>\n<li><a href=\"https:\/\/c.dna.fr\/liseuse\/67L\/20260208\">DNA du 8 f\u00e9vrier 2026 \u2013 Julia Mangold<\/a><\/li>\n<li><a href=\"https:\/\/www.dna.fr\/elections\/2026\/02\/14\/a-illkirch-la-liste-de-severine-magdelaine-rassemble-la-gauche\">DNA du 15 f\u00e9vrier 2026 &#8211; Julia Mangold<\/a><\/li>\n<li><a href=\"https:\/\/radioylla.com\/news\/municipales-2026-a-illkirch-graffenstaden-une-rencontre-de-terrain-avec-l-equipe-de-severine-magdelaine-241\">Radio Ylla du 17 f\u00e9vrier 2026<\/a><\/li>\n<li><a href=\"https:\/\/www.topnews.sn\/municipales-2026-a-illkirch-graffenstaden-severine-magdelaine-tete-de-liste-agir-avec-severine-pour-illkirch-graffenstaden-lance-une-nouvelle-dynamique-citoyenne-pour-federer-les-e\/\">Top news du 23 f\u00e9vrier 2026<\/a><\/li>\n<\/ul>\n<p>[\/et_pb_text][\/et_pb_column][et_pb_column type=\u00a0\u00bb2_5&Prime; _builder_version=\u00a0\u00bb4.27.5&Prime; _module_preset=\u00a0\u00bbdefault\u00a0\u00bb global_colors_info=\u00a0\u00bb{}\u00a0\u00bb][et_pb_image src=\u00a0\u00bbhttps:\/\/severine2026.fr\/wp-content\/uploads\/2026\/02\/emc4.12.chariot-journaux-vu-pres-2-scaled.jpg\u00a0\u00bb title_text=\u00a0\u00bbemc4.12.chariot-journaux-vu-pres-2&Prime; _builder_version=\u00a0\u00bb4.27.5&Prime; _module_preset=\u00a0\u00bbdefault\u00a0\u00bb global_colors_info=\u00a0\u00bb{}\u00a0\u00bb][\/et_pb_image][\/et_pb_column][\/et_pb_row][\/et_pb_section][et_pb_section fb_built=\u00a0\u00bb1&Prime; custom_padding_last_edited=\u00a0\u00bbon|desktop\u00a0\u00bb admin_label=\u00a0\u00bbBLOC BAS DE PAGE\u00a0\u00bb _builder_version=\u00a0\u00bb4.27.5&Prime; _module_preset=\u00a0\u00bbdefault\u00a0\u00bb background_color=\u00a0\u00bb#E6205E\u00a0\u00bb custom_padding=\u00a0\u00bb6vw||6vw||true|false\u00a0\u00bb custom_padding_tablet=\u00a0\u00bb30vw||30vw||true|false\u00a0\u00bb custom_padding_phone=\u00a0\u00bb30vw||30vw||true|false\u00a0\u00bb top_divider_style=\u00a0\u00bbslant\u00a0\u00bb top_divider_color=\u00a0\u00bb#FFFFFF\u00a0\u00bb top_divider_flip=\u00a0\u00bbhorizontal\u00a0\u00bb top_divider_height_tablet=\u00a0\u00bb70px\u00a0\u00bb top_divider_height_phone=\u00a0\u00bb70px\u00a0\u00bb top_divider_height_last_edited=\u00a0\u00bbon|phone\u00a0\u00bb global_module=\u00a0\u00bb2182&Prime; global_colors_info=\u00a0\u00bb{}\u00a0\u00bb][et_pb_row _builder_version=\u00a0\u00bb4.27.5&Prime; _module_preset=\u00a0\u00bbdefault\u00a0\u00bb global_colors_info=\u00a0\u00bb{}\u00a0\u00bb][et_pb_column type=\u00a0\u00bb4_4&Prime; _builder_version=\u00a0\u00bb4.27.4&Prime; _module_preset=\u00a0\u00bbdefault\u00a0\u00bb global_colors_info=\u00a0\u00bb{}\u00a0\u00bb][et_pb_image src=\u00a0\u00bbhttps:\/\/severine2026.fr\/wp-content\/uploads\/2025\/11\/Colibri_RVB.png\u00a0\u00bb alt=\u00a0\u00bbAgir\u00a0\u00bb _builder_version=\u00a0\u00bb4.27.5&Prime; _module_preset=\u00a0\u00bbdefault\u00a0\u00bb positioning=\u00a0\u00bbabsolute\u00a0\u00bb position_origin_a=\u00a0\u00bbtop_center\u00a0\u00bb vertical_offset=\u00a0\u00bb-170px\u00a0\u00bb z_index=\u00a0\u00bb6&Prime; width=\u00a0\u00bb200px\u00a0\u00bb max_width=\u00a0\u00bb200px\u00a0\u00bb custom_margin=\u00a0\u00bb||0px||false|false\u00a0\u00bb global_colors_info=\u00a0\u00bb{}\u00a0\u00bb][\/et_pb_image][et_pb_text _builder_version=\u00a0\u00bb4.27.5&Prime; _module_preset=\u00a0\u00bbdefault\u00a0\u00bb text_text_color=\u00a0\u00bb#0A0000&Prime; header_2_text_color=\u00a0\u00bb#0A0000&Prime; header_3_text_color=\u00a0\u00bb#ffffff\u00a0\u00bb custom_padding=\u00a0\u00bb30px||||false|false\u00a0\u00bb global_colors_info=\u00a0\u00bb{}\u00a0\u00bb]<\/p>\n<h3 style=\"text-align: center;\">Participer \u00e0 nos ateliers et r\u00e9unions publiques pour construire ensemble<\/h3>\n<p style=\"text-align: center;\">Ces valeurs ne sont pas seulement des mots, ce sont des engagements concrets.<\/p>\n<p>Nous vous invitons \u00e0 nous rejoindre pour les mettre en pratique et construire une ville o\u00f9 chacun trouve sa place.<\/p>\n<h3><\/h3>\n<h3 style=\"text-align: center;\">Vous partagez ces valeurs ?<\/h3>\n<p style=\"text-align: center;\">Participez \u00e0 nos r\u00e9unions, soutenez nos initiatives ou contactez-nous pour \u00e9changer sur vos id\u00e9es.<\/p>\n<p style=\"text-align: center;\">[\/et_pb_text][\/et_pb_column][\/et_pb_row][et_pb_row column_structure=\u00a0\u00bb1_2,1_2&Prime; use_custom_gutter=\u00a0\u00bbon\u00a0\u00bb gutter_width=\u00a0\u00bb2&Prime; _builder_version=\u00a0\u00bb4.27.5&Prime; _module_preset=\u00a0\u00bbdefault\u00a0\u00bb width=\u00a0\u00bb500px\u00a0\u00bb width_tablet=\u00a0\u00bb100%\u00a0\u00bb width_phone=\u00a0\u00bb100%\u00a0\u00bb width_last_edited=\u00a0\u00bbon|desktop\u00a0\u00bb module_alignment=\u00a0\u00bbcenter\u00a0\u00bb module_alignment_tablet=\u00a0\u00bbcenter\u00a0\u00bb module_alignment_phone=\u00a0\u00bbcenter\u00a0\u00bb module_alignment_last_edited=\u00a0\u00bbon|phone\u00a0\u00bb global_colors_info=\u00a0\u00bb{}\u00a0\u00bb][et_pb_column type=\u00a0\u00bb1_2&Prime; _builder_version=\u00a0\u00bb4.27.5&Prime; _module_preset=\u00a0\u00bbdefault\u00a0\u00bb global_colors_info=\u00a0\u00bb{}\u00a0\u00bb][et_pb_button button_url=\u00a0\u00bbhttps:\/\/severine2026.fr\/index.php\/contact\/\u00a0\u00bb button_text=\u00a0\u00bb\u00c9crivez-nous !\u00a0\u00bb button_alignment=\u00a0\u00bbcenter\u00a0\u00bb button_alignment_tablet=\u00a0\u00bbcenter\u00a0\u00bb button_alignment_phone=\u00a0\u00bbcenter\u00a0\u00bb button_alignment_last_edited=\u00a0\u00bbon|phone\u00a0\u00bb _builder_version=\u00a0\u00bb4.27.5&Prime; _module_preset=\u00a0\u00bbdefault\u00a0\u00bb custom_button=\u00a0\u00bbon\u00a0\u00bb button_text_color=\u00a0\u00bb#FFFFFF\u00a0\u00bb button_bg_color=\u00a0\u00bb#009991&Prime; button_border_color=\u00a0\u00bb#FFFFFF\u00a0\u00bb background_layout=\u00a0\u00bbdark\u00a0\u00bb global_colors_info=\u00a0\u00bb{}\u00a0\u00bb][\/et_pb_button][\/et_pb_column][et_pb_column type=\u00a0\u00bb1_2&Prime; _builder_version=\u00a0\u00bb4.27.5&Prime; _module_preset=\u00a0\u00bbdefault\u00a0\u00bb global_colors_info=\u00a0\u00bb{}\u00a0\u00bb][et_pb_button button_url=\u00a0\u00bbhttps:\/\/severine2026.fr\/index.php\/faire-un-don\/\u00a0\u00bb button_text=\u00a0\u00bbSoutenez-nous !\u00a0\u00bb button_alignment=\u00a0\u00bbcenter\u00a0\u00bb _builder_version=\u00a0\u00bb4.27.5&Prime; _module_preset=\u00a0\u00bbdefault\u00a0\u00bb custom_button=\u00a0\u00bbon\u00a0\u00bb button_text_color=\u00a0\u00bb#FFFFFF\u00a0\u00bb button_bg_color=\u00a0\u00bb#e5497a\u00a0\u00bb button_border_color=\u00a0\u00bb#FFFFFF\u00a0\u00bb background_layout=\u00a0\u00bbdark\u00a0\u00bb global_colors_info=\u00a0\u00bb{}\u00a0\u00bb][\/et_pb_button][\/et_pb_column][\/et_pb_row][\/et_pb_section]<\/p>\n","protected":false},"excerpt":{"rendered":"<p>Revue de presseD\u00e9couvrez les articles et reportages d\u00e9j\u00e0 publi\u00e9s sur la campagne ! DNA du 10 octobre 2025 \u2013 Julia Mangold DNA du 8 f\u00e9vrier 2026 \u2013 Julia Mangold DNA du 15 f\u00e9vrier 2026 &#8211; Julia Mangold Radio Ylla du 17 f\u00e9vrier 2026 Top news du 23 f\u00e9vrier 2026 Participer \u00e0 nos ateliers et r\u00e9unions [&hellip;]<\/p>\n","protected":false},"author":2,"featured_media":0,"parent":0,"menu_order":0,"comment_status":"closed","ping_status":"closed","template":"","meta":{"_et_pb_use_builder":"on","_et_pb_old_content":"","_et_gb_content_width":"","inline_featured_image":false,"footnotes":""},"class_list":["post-3483","page","type-page","status-publish","hentry"],"_links":{"self":[{"href":"https:\/\/severine2026.fr\/index.php\/wp-json\/wp\/v2\/pages\/3483","targetHints":{"allow":["GET"]}}],"collection":[{"href":"https:\/\/severine2026.fr\/index.php\/wp-json\/wp\/v2\/pages"}],"about":[{"href":"https:\/\/severine2026.fr\/index.php\/wp-json\/wp\/v2\/types\/page"}],"author":[{"embeddable":true,"href":"https:\/\/severine2026.fr\/index.php\/wp-json\/wp\/v2\/users\/2"}],"replies":[{"embeddable":true,"href":"https:\/\/severine2026.fr\/index.php\/wp-json\/wp\/v2\/comments?post=3483"}],"version-history":[{"count":8,"href":"https:\/\/severine2026.fr\/index.php\/wp-json\/wp\/v2\/pages\/3483\/revisions"}],"predecessor-version":[{"id":4023,"href":"https:\/\/severine2026.fr\/index.php\/wp-json\/wp\/v2\/pages\/3483\/revisions\/4023"}],"wp:attachment":[{"href":"https:\/\/severine2026.fr\/index.php\/wp-json\/wp\/v2\/media?parent=3483"}],"curies":[{"name":"wp","href":"https:\/\/api.w.org\/{rel}","templated":true}]}}