{"id":755,"date":"2025-12-24T09:58:29","date_gmt":"2025-12-24T09:58:29","guid":{"rendered":"https:\/\/severine2026.fr\/?page_id=755"},"modified":"2026-02-25T22:43:39","modified_gmt":"2026-02-25T22:43:39","slug":"espace-presse","status":"publish","type":"page","link":"https:\/\/severine2026.fr\/index.php\/espace-presse\/","title":{"rendered":"Espace Presse"},"content":{"rendered":"<p>[et_pb_section fb_built=\u00a0\u00bb1&Prime; _builder_version=\u00a0\u00bb4.27.4&Prime; _module_preset=\u00a0\u00bbdefault\u00a0\u00bb collapsed=\u00a0\u00bboff\u00a0\u00bb global_colors_info=\u00a0\u00bb{}\u00a0\u00bb][et_pb_row _builder_version=\u00a0\u00bb4.27.4&Prime; _module_preset=\u00a0\u00bbdefault\u00a0\u00bb global_colors_info=\u00a0\u00bb{}\u00a0\u00bb][et_pb_column type=\u00a0\u00bb4_4&Prime; _builder_version=\u00a0\u00bb4.27.4&Prime; _module_preset=\u00a0\u00bbdefault\u00a0\u00bb global_colors_info=\u00a0\u00bb{}\u00a0\u00bb][et_pb_text _builder_version=\u00a0\u00bb4.27.5&Prime; _module_preset=\u00a0\u00bbdefault\u00a0\u00bb header_text_color=\u00a0\u00bb#E6205E\u00a0\u00bb global_colors_info=\u00a0\u00bb{}\u00a0\u00bb]<\/p>\n<h1 style=\"text-align: center;\">Espace Presse<\/h1>\n<p>Vous \u00eates journaliste et souhaitez couvrir la campagne municipale de S\u00e9verine Magdelaine et de sa liste \u00ab Agir pour Illkirch-Graffenstaden ! \u00bb ?<\/p>\n<p>Retrouvez ici <strong>dossiers de presse, communiqu\u00e9s, contacts et ressources<\/strong> pour \u00e9clairer votre travail.<\/p>\n<p>Un projet municipal <strong>inclusif, \u00e9cologique et innovant<\/strong> \u00e0 d\u00e9couvrir sans attendre.<\/p>\n<p>&nbsp;<\/p>\n<p>[\/et_pb_text][et_pb_text _builder_version=\u00a0\u00bb4.27.5&Prime; _module_preset=\u00a0\u00bbdefault\u00a0\u00bb global_colors_info=\u00a0\u00bb{}\u00a0\u00bb]<\/p>\n<h3>Communiqu\u00e9s de presse<\/h3>\n<p>Retrouvez l\u2019ensemble de nos communiqu\u00e9s, class\u00e9s par date :<\/p>\n<ul>\n<li>Lancement de la campagne : <a href=\"https:\/\/severine2026.fr\/wp-content\/uploads\/2025\/12\/202510_CP_annonce_candidature_vSM.pdf\">Lire le communiqu\u00e9<\/a><\/li>\n<li>D\u00e9voilement des grandes lignes du programme :<a href=\"https:\/\/severine2026.fr\/wp-content\/uploads\/2026\/01\/202601_CP_devoilement_projet.pdf\"> lire le communiqu\u00e9<\/a><\/li>\n<li>\n<p class=\"p1\">S\u00e9verine Magdelaine pr\u00e9sente ses colistiers :<a href=\"https:\/\/severine2026.fr\/wp-content\/uploads\/2026\/02\/202602_CP_devoilement_liste_Severine_Magdelaine_IG.pdf\"> lire le communiqu\u00e9<\/a><\/p>\n<\/li>\n<\/ul>\n<p>[\/et_pb_text][et_pb_text _builder_version=\u00a0\u00bb4.27.5&Prime; _module_preset=\u00a0\u00bbdefault\u00a0\u00bb global_colors_info=\u00a0\u00bb{}\u00a0\u00bb]<\/p>\n<h3>Galerie multim\u00e9dia<\/h3>\n<p>Acc\u00e9dez \u00e0 des <strong>photos et vid\u00e9os libres de droits<\/strong> pour illustrer vos articles :<\/p>\n<ul>\n<li>Portraits de S\u00e9verine Magdelaine.<\/li>\n<li>\u00c9v\u00e9nements publics (r\u00e9unions, marches exploratoires, consultations citoyennes).<\/li>\n<\/ul>\n<p>Acc\u00e9der \u00e0 la galerie<\/p>\n<p>[\/et_pb_text][et_pb_gallery gallery_ids=\u00a0\u00bb4044,3750,634,777,775,776&Prime; show_title_and_caption=\u00a0\u00bboff\u00a0\u00bb _builder_version=\u00a0\u00bb4.27.5&Prime; _module_preset=\u00a0\u00bbdefault\u00a0\u00bb global_colors_info=\u00a0\u00bb{}\u00a0\u00bb][\/et_pb_gallery][et_pb_text _builder_version=\u00a0\u00bb4.27.5&Prime; _module_preset=\u00a0\u00bbdefault\u00a0\u00bb global_colors_info=\u00a0\u00bb{}\u00a0\u00bb]<\/p>\n<h3>Contacts presse<\/h3>\n<p>Pour toute demande d\u2019interview, d\u2019information compl\u00e9mentaire ou d\u2019accr\u00e9ditation :<br \/><strong>Claire Granet<\/strong><br \/><strong>06 49 80 01 18<\/strong><br \/><a href=\"mailto:granet.claire@gmail.com\">granet.claire@gmail.com<\/a><\/p>\n<p>[\/et_pb_text][et_pb_text admin_label=\u00a0\u00bbTexte\u00a0\u00bb _builder_version=\u00a0\u00bb4.27.5&Prime; _module_preset=\u00a0\u00bbdefault\u00a0\u00bb hover_enabled=\u00a0\u00bb0&Prime; global_colors_info=\u00a0\u00bb{}\u00a0\u00bb sticky_enabled=\u00a0\u00bb0&Prime;]<\/p>\n<h3>Actualit\u00e9s et \u00e9v\u00e9nements \u00e0 venir<\/h3>\n<p><a href=\"https:\/\/severine2026.fr\/index.php\/rencontrez-nous\/\">Toutes les dates de nos rencontres dans les quartiers et celle de notre r\u00e9union de fin de campagne.<\/a><\/p>\n<h3>Revue de presse<\/h3>\n<p>D\u00e9couvrez les articles et reportages d\u00e9j\u00e0 publi\u00e9s sur la campagne :<\/p>\n<p><a href=\"https:\/\/c.dna.fr\/politique\/2025\/10\/10\/a-illkirch-graffenstaden-severine-magdelaine-en-cheffe-de-file-de-la-gauche\">DNA du 10 octobre 2025 &#8211; Julia Mangold<\/a><\/p>\n<p><a href=\"https:\/\/c.dna.fr\/liseuse\/67L\/20260208\">DNA du 8 f\u00e9vrier 2026 &#8211; Julia Mangold<\/a><\/p>\n<p><a href=\"https:\/\/www.dna.fr\/elections\/2026\/02\/14\/a-illkirch-la-liste-de-severine-magdelaine-rassemble-la-gauche\">DNA du 15 f\u00e9vrier 2026 &#8211; Julia Mangold<\/a><\/p>\n<p><a href=\"https:\/\/radioylla.com\/news\/municipales-2026-a-illkirch-graffenstaden-une-rencontre-de-terrain-avec-l-equipe-de-severine-magdelaine-241\">Radio Ylla du 17 f\u00e9vrier 2026<\/a><\/p>\n<p><a href=\"https:\/\/www.topnews.sn\/municipales-2026-a-illkirch-graffenstaden-severine-magdelaine-tete-de-liste-agir-avec-severine-pour-illkirch-graffenstaden-lance-une-nouvelle-dynamique-citoyenne-pour-federer-les-e\/\">Top news du 23 f\u00e9vrier 2026<\/a><\/p>\n<p>&nbsp;<\/p>\n<p>[\/et_pb_text][\/et_pb_column][\/et_pb_row][\/et_pb_section]<\/p>\n","protected":false},"excerpt":{"rendered":"<p>Espace Presse Vous \u00eates journaliste et souhaitez couvrir la campagne municipale de S\u00e9verine Magdelaine et de sa liste \u00ab Agir pour Illkirch-Graffenstaden ! \u00bb ? Retrouvez ici dossiers de presse, communiqu\u00e9s, contacts et ressources pour \u00e9clairer votre travail. Un projet municipal inclusif, \u00e9cologique et innovant \u00e0 d\u00e9couvrir sans attendre. &nbsp;Communiqu\u00e9s de presse Retrouvez l\u2019ensemble de [&hellip;]<\/p>\n","protected":false},"author":2,"featured_media":0,"parent":0,"menu_order":0,"comment_status":"closed","ping_status":"closed","template":"","meta":{"_et_pb_use_builder":"on","_et_pb_old_content":"","_et_gb_content_width":"","inline_featured_image":false,"footnotes":""},"class_list":["post-755","page","type-page","status-publish","hentry"],"_links":{"self":[{"href":"https:\/\/severine2026.fr\/index.php\/wp-json\/wp\/v2\/pages\/755","targetHints":{"allow":["GET"]}}],"collection":[{"href":"https:\/\/severine2026.fr\/index.php\/wp-json\/wp\/v2\/pages"}],"about":[{"href":"https:\/\/severine2026.fr\/index.php\/wp-json\/wp\/v2\/types\/page"}],"author":[{"embeddable":true,"href":"https:\/\/severine2026.fr\/index.php\/wp-json\/wp\/v2\/users\/2"}],"replies":[{"embeddable":true,"href":"https:\/\/severine2026.fr\/index.php\/wp-json\/wp\/v2\/comments?post=755"}],"version-history":[{"count":14,"href":"https:\/\/severine2026.fr\/index.php\/wp-json\/wp\/v2\/pages\/755\/revisions"}],"predecessor-version":[{"id":4052,"href":"https:\/\/severine2026.fr\/index.php\/wp-json\/wp\/v2\/pages\/755\/revisions\/4052"}],"wp:attachment":[{"href":"https:\/\/severine2026.fr\/index.php\/wp-json\/wp\/v2\/media?parent=755"}],"curies":[{"name":"wp","href":"https:\/\/api.w.org\/{rel}","templated":true}]}}