{"id":931,"date":"2025-12-26T11:33:09","date_gmt":"2025-12-26T11:33:09","guid":{"rendered":"https:\/\/severine2026.fr\/?page_id=931"},"modified":"2026-01-14T09:34:39","modified_gmt":"2026-01-14T09:34:39","slug":"agir-pour-la-campagne-2","status":"publish","type":"page","link":"https:\/\/severine2026.fr\/index.php\/agir-pour-la-campagne-2\/","title":{"rendered":"Agir pour la campagne"},"content":{"rendered":"<p>[et_pb_section fb_built=\u00a0\u00bb1&Prime; _builder_version=\u00a0\u00bb4.27.4&Prime; _module_preset=\u00a0\u00bbdefault\u00a0\u00bb global_colors_info=\u00a0\u00bb{}\u00a0\u00bb][et_pb_row _builder_version=\u00a0\u00bb4.27.4&Prime; _module_preset=\u00a0\u00bbdefault\u00a0\u00bb global_colors_info=\u00a0\u00bb{}\u00a0\u00bb][et_pb_column type=\u00a0\u00bb4_4&Prime; _builder_version=\u00a0\u00bb4.27.4&Prime; _module_preset=\u00a0\u00bbdefault\u00a0\u00bb global_colors_info=\u00a0\u00bb{}\u00a0\u00bb][et_pb_text _builder_version=\u00a0\u00bb4.27.4&Prime; _module_preset=\u00a0\u00bbdefault\u00a0\u00bb global_colors_info=\u00a0\u00bb{}\u00a0\u00bb]<\/p>\n<h1>Agir pour la campagne<\/h1>\n<p>[\/et_pb_text][et_pb_text _builder_version=\u00a0\u00bb4.27.5&Prime; _module_preset=\u00a0\u00bbdefault\u00a0\u00bb hover_enabled=\u00a0\u00bb0&Prime; global_colors_info=\u00a0\u00bb{}\u00a0\u00bb sticky_enabled=\u00a0\u00bb0&Prime;]<\/p>\n<h3>Vous souhaitez agir pour la campagne de S\u00e9verine Magdelaine ?<\/h3>\n<p>Toute l&rsquo;\u00e9quipe vous accueillera avec plaisir. N&rsquo;h\u00e9sitez pas \u00e0 :<\/p>\n<ul>\n<li><a href=\"https:\/\/severine2026.fr\/index.php\/contact\/\">nous contacter<\/a><\/li>\n<li><a href=\"https:\/\/severine2026.fr\/index.php\/je-poste-mes-idees\/\">partager vos id\u00e9es<\/a><\/li>\n<li><a href=\"https:\/\/severine2026.fr\/index.php\/contact\/\">envoyer un message de soutien<\/a><\/li>\n<li><a href=\"https:\/\/severine2026.fr\/index.php\/faire-un-don\/\">faire un don<\/a><\/li>\n<\/ul>\n<p>[\/et_pb_text][et_pb_image src=\u00a0\u00bbhttps:\/\/severine2026.fr\/wp-content\/uploads\/2026\/01\/ILLKIRCH-GRAFFENSTADEN-137.jpg\u00a0\u00bb title_text=\u00a0\u00bbILLKIRCH -GRAFFENSTADEN &#8211; (137)\u00a0\u00bb _builder_version=\u00a0\u00bb4.27.5&Prime; _module_preset=\u00a0\u00bbdefault\u00a0\u00bb global_colors_info=\u00a0\u00bb{}\u00a0\u00bb][\/et_pb_image][\/et_pb_column][\/et_pb_row][\/et_pb_section]<\/p>\n","protected":false},"excerpt":{"rendered":"<p>Agir pour la campagneVous souhaitez agir pour la campagne de S\u00e9verine Magdelaine ? Toute l&rsquo;\u00e9quipe vous accueillera avec plaisir. N&rsquo;h\u00e9sitez pas \u00e0 : nous contacter partager vos id\u00e9es envoyer un message de soutien faire un don<\/p>\n","protected":false},"author":2,"featured_media":0,"parent":0,"menu_order":0,"comment_status":"closed","ping_status":"closed","template":"","meta":{"_et_pb_use_builder":"on","_et_pb_old_content":"","_et_gb_content_width":"","inline_featured_image":false,"footnotes":""},"class_list":["post-931","page","type-page","status-publish","hentry"],"_links":{"self":[{"href":"https:\/\/severine2026.fr\/index.php\/wp-json\/wp\/v2\/pages\/931","targetHints":{"allow":["GET"]}}],"collection":[{"href":"https:\/\/severine2026.fr\/index.php\/wp-json\/wp\/v2\/pages"}],"about":[{"href":"https:\/\/severine2026.fr\/index.php\/wp-json\/wp\/v2\/types\/page"}],"author":[{"embeddable":true,"href":"https:\/\/severine2026.fr\/index.php\/wp-json\/wp\/v2\/users\/2"}],"replies":[{"embeddable":true,"href":"https:\/\/severine2026.fr\/index.php\/wp-json\/wp\/v2\/comments?post=931"}],"version-history":[{"count":6,"href":"https:\/\/severine2026.fr\/index.php\/wp-json\/wp\/v2\/pages\/931\/revisions"}],"predecessor-version":[{"id":2635,"href":"https:\/\/severine2026.fr\/index.php\/wp-json\/wp\/v2\/pages\/931\/revisions\/2635"}],"wp:attachment":[{"href":"https:\/\/severine2026.fr\/index.php\/wp-json\/wp\/v2\/media?parent=931"}],"curies":[{"name":"wp","href":"https:\/\/api.w.org\/{rel}","templated":true}]}}